{"id":206,"date":"2020-12-06T13:24:06","date_gmt":"2020-12-06T13:24:06","guid":{"rendered":"http:\/\/wiktorpiatkowski.com\/?page_id=206"},"modified":"2023-11-14T16:53:07","modified_gmt":"2023-11-14T16:53:07","slug":"wykladowca","status":"publish","type":"page","link":"https:\/\/wiktorpiatkowski.com\/en\/wykladowca\/","title":{"rendered":"Lecturer"},"content":{"rendered":"\t\t<div data-elementor-type=\"wp-page\" data-elementor-id=\"206\" class=\"elementor elementor-206\">\n\t\t\t\t\t\t<section class=\"elementor-section elementor-top-section elementor-element elementor-element-90c9e52 elementor-section-height-min-height elementor-section-boxed elementor-section-height-default elementor-section-items-middle\" data-id=\"90c9e52\" data-element_type=\"section\" data-settings=\"{&quot;background_background&quot;:&quot;classic&quot;}\">\n\t\t\t\t\t\t\t<div class=\"elementor-background-overlay\"><\/div>\n\t\t\t\t\t\t\t<div class=\"elementor-container elementor-column-gap-no\">\n\t\t\t\t\t<div class=\"elementor-column elementor-col-100 elementor-top-column elementor-element elementor-element-cffed6c\" data-id=\"cffed6c\" data-element_type=\"column\">\n\t\t\t<div class=\"elementor-widget-wrap elementor-element-populated\">\n\t\t\t\t\t\t<div class=\"elementor-element elementor-element-d3d1fb1 elementor-widget elementor-widget-heading\" data-id=\"d3d1fb1\" data-element_type=\"widget\" data-widget_type=\"heading.default\">\n\t\t\t\t<div class=\"elementor-widget-container\">\n\t\t\t\t\t<h1 class=\"elementor-heading-title elementor-size-default\">Wyk\u0142adowca<\/h1>\t\t\t\t<\/div>\n\t\t\t\t<\/div>\n\t\t\t\t<div class=\"elementor-element elementor-element-3e9828e elementor-align-center elementor-widget elementor-widget-breadcrumbs\" data-id=\"3e9828e\" data-element_type=\"widget\" data-widget_type=\"breadcrumbs.default\">\n\t\t\t\t<div class=\"elementor-widget-container\">\n\t\t\t\t\t<p id=\"breadcrumbs\"><span><span><a href=\"https:\/\/wiktorpiatkowski.com\/\">Strona g\u0142\u00f3wna<\/a><\/span><\/span><\/p>\t\t\t\t<\/div>\n\t\t\t\t<\/div>\n\t\t\t\t\t<\/div>\n\t\t<\/div>\n\t\t\t\t\t<\/div>\n\t\t<\/section>\n\t\t\t\t<section class=\"elementor-section elementor-top-section elementor-element elementor-element-7bc2c8b elementor-section-boxed elementor-section-height-default elementor-section-height-default\" data-id=\"7bc2c8b\" data-element_type=\"section\" data-settings=\"{&quot;background_background&quot;:&quot;classic&quot;}\">\n\t\t\t\t\t\t<div class=\"elementor-container elementor-column-gap-default\">\n\t\t\t\t\t<div class=\"elementor-column elementor-col-100 elementor-top-column elementor-element elementor-element-ccea915\" data-id=\"ccea915\" data-element_type=\"column\">\n\t\t\t<div class=\"elementor-widget-wrap elementor-element-populated\">\n\t\t\t\t\t\t<section class=\"elementor-section elementor-inner-section elementor-element elementor-element-7b345b9 elementor-section-boxed elementor-section-height-default elementor-section-height-default\" data-id=\"7b345b9\" data-element_type=\"section\" data-settings=\"{&quot;background_background&quot;:&quot;classic&quot;}\">\n\t\t\t\t\t\t<div class=\"elementor-container elementor-column-gap-default\">\n\t\t\t\t\t<div class=\"elementor-column elementor-col-50 elementor-inner-column elementor-element elementor-element-d22bd4c\" data-id=\"d22bd4c\" data-element_type=\"column\">\n\t\t\t<div class=\"elementor-widget-wrap elementor-element-populated\">\n\t\t\t\t\t\t<div class=\"elementor-element elementor-element-1406c77 elementor-widget elementor-widget-image\" data-id=\"1406c77\" data-element_type=\"widget\" data-widget_type=\"image.default\">\n\t\t\t\t<div class=\"elementor-widget-container\">\n\t\t\t\t\t\t\t\t\t\t\t\t\t\t\t<img fetchpriority=\"high\" decoding=\"async\" width=\"683\" height=\"1024\" src=\"https:\/\/wiktorpiatkowski.com\/wp-content\/uploads\/2020\/12\/WiktorPiatkowski_fot.Monika-SzalekNET-8-of-45_MIN-683x1024.jpg\" class=\"attachment-large size-large wp-image-321\" alt=\"\" srcset=\"https:\/\/wiktorpiatkowski.com\/wp-content\/uploads\/2020\/12\/WiktorPiatkowski_fot.Monika-SzalekNET-8-of-45_MIN-683x1024.jpg 683w, https:\/\/wiktorpiatkowski.com\/wp-content\/uploads\/2020\/12\/WiktorPiatkowski_fot.Monika-SzalekNET-8-of-45_MIN-200x300.jpg 200w, https:\/\/wiktorpiatkowski.com\/wp-content\/uploads\/2020\/12\/WiktorPiatkowski_fot.Monika-SzalekNET-8-of-45_MIN-768x1152.jpg 768w, https:\/\/wiktorpiatkowski.com\/wp-content\/uploads\/2020\/12\/WiktorPiatkowski_fot.Monika-SzalekNET-8-of-45_MIN.jpg 1000w\" sizes=\"(max-width: 683px) 100vw, 683px\" \/>\t\t\t\t\t\t\t\t\t\t\t\t\t\t\t<\/div>\n\t\t\t\t<\/div>\n\t\t\t\t\t<\/div>\n\t\t<\/div>\n\t\t\t\t<div class=\"elementor-column elementor-col-50 elementor-inner-column elementor-element elementor-element-1b7e19b\" data-id=\"1b7e19b\" data-element_type=\"column\">\n\t\t\t<div class=\"elementor-widget-wrap elementor-element-populated\">\n\t\t\t\t\t\t<div class=\"elementor-element elementor-element-a81b314 elementor-widget elementor-widget-heading\" data-id=\"a81b314\" data-element_type=\"widget\" data-widget_type=\"heading.default\">\n\t\t\t\t<div class=\"elementor-widget-container\">\n\t\t\t\t\t<h2 class=\"elementor-heading-title elementor-size-default\">Edukacja<\/h2>\t\t\t\t<\/div>\n\t\t\t\t<\/div>\n\t\t\t\t<div class=\"elementor-element elementor-element-1c1a4d5 elementor-widget elementor-widget-text-editor\" data-id=\"1c1a4d5\" data-element_type=\"widget\" data-widget_type=\"text-editor.default\">\n\t\t\t\t<div class=\"elementor-widget-container\">\n\t\t\t\t\t\t\t\t\t<p>W 2014 roku Wiktor Pi\u0105tkowski obroni\u0142 w Szkole G\u0142\u00f3wnej Handlowej prac\u0119 doktorsk\u0105 z marketingu na rynku medi\u00f3w oraz przez wiele lat prowadzi\u0142 na r\u00f3\u017cnych uczelniach zaj\u0119cia z tematyki zwi\u0105zanej z mediami, g\u0142\u00f3wnie telewizj\u0105.<\/p>\t\t\t\t\t\t\t\t<\/div>\n\t\t\t\t<\/div>\n\t\t\t\t<div class=\"elementor-element elementor-element-9cde7e5 elementor-align-center elementor-widget elementor-widget-button\" data-id=\"9cde7e5\" data-element_type=\"widget\" data-widget_type=\"button.default\">\n\t\t\t\t<div class=\"elementor-widget-container\">\n\t\t\t\t\t\t\t\t\t<div class=\"elementor-button-wrapper\">\n\t\t\t\t\t<a class=\"elementor-button elementor-button-link elementor-size-md elementor-animation-shrink\" href=\"#next\">\n\t\t\t\t\t\t<span class=\"elementor-button-content-wrapper\">\n\t\t\t\t\t\t\t\t\t<span class=\"elementor-button-text\">Czytaj dalej<\/span>\n\t\t\t\t\t<\/span>\n\t\t\t\t\t<\/a>\n\t\t\t\t<\/div>\n\t\t\t\t\t\t\t\t<\/div>\n\t\t\t\t<\/div>\n\t\t\t\t\t<\/div>\n\t\t<\/div>\n\t\t\t\t\t<\/div>\n\t\t<\/section>\n\t\t\t\t\t<\/div>\n\t\t<\/div>\n\t\t\t\t\t<\/div>\n\t\t<\/section>\n\t\t\t\t<section class=\"elementor-section elementor-top-section elementor-element elementor-element-36bb4ac elementor-section-height-min-height elementor-section-boxed elementor-section-height-default elementor-section-items-middle\" data-id=\"36bb4ac\" data-element_type=\"section\" data-settings=\"{&quot;background_background&quot;:&quot;classic&quot;,&quot;background_motion_fx_motion_fx_scrolling&quot;:&quot;yes&quot;,&quot;background_motion_fx_translateY_effect&quot;:&quot;yes&quot;,&quot;background_motion_fx_translateY_speed&quot;:{&quot;unit&quot;:&quot;px&quot;,&quot;size&quot;:4,&quot;sizes&quot;:[]},&quot;background_motion_fx_translateY_affectedRange&quot;:{&quot;unit&quot;:&quot;%&quot;,&quot;size&quot;:&quot;&quot;,&quot;sizes&quot;:{&quot;start&quot;:0,&quot;end&quot;:100}},&quot;background_motion_fx_devices&quot;:[&quot;desktop&quot;,&quot;tablet&quot;,&quot;mobile&quot;]}\">\n\t\t\t\t\t\t<div class=\"elementor-container elementor-column-gap-no\">\n\t\t\t\t\t<div class=\"elementor-column elementor-col-100 elementor-top-column elementor-element elementor-element-b773670\" data-id=\"b773670\" data-element_type=\"column\">\n\t\t\t<div class=\"elementor-widget-wrap\">\n\t\t\t\t\t\t\t<\/div>\n\t\t<\/div>\n\t\t\t\t\t<\/div>\n\t\t<\/section>\n\t\t\t\t<section class=\"elementor-section elementor-top-section elementor-element elementor-element-28d2295 elementor-section-boxed elementor-section-height-default elementor-section-height-default\" data-id=\"28d2295\" data-element_type=\"section\" id=\"next\" data-settings=\"{&quot;background_background&quot;:&quot;classic&quot;}\">\n\t\t\t\t\t\t<div class=\"elementor-container elementor-column-gap-default\">\n\t\t\t\t\t<div class=\"elementor-column elementor-col-100 elementor-top-column elementor-element elementor-element-4e4f33b\" data-id=\"4e4f33b\" data-element_type=\"column\">\n\t\t\t<div class=\"elementor-widget-wrap elementor-element-populated\">\n\t\t\t\t\t\t<section class=\"elementor-section elementor-inner-section elementor-element elementor-element-d987237 elementor-section-boxed elementor-section-height-default elementor-section-height-default\" data-id=\"d987237\" data-element_type=\"section\" data-settings=\"{&quot;background_background&quot;:&quot;classic&quot;}\">\n\t\t\t\t\t\t<div class=\"elementor-container elementor-column-gap-default\">\n\t\t\t\t\t<div class=\"elementor-column elementor-col-100 elementor-inner-column elementor-element elementor-element-20d04d6\" data-id=\"20d04d6\" data-element_type=\"column\">\n\t\t\t<div class=\"elementor-widget-wrap elementor-element-populated\">\n\t\t\t\t\t\t<div class=\"elementor-element elementor-element-5e812b4 elementor-widget elementor-widget-heading\" data-id=\"5e812b4\" data-element_type=\"widget\" data-widget_type=\"heading.default\">\n\t\t\t\t<div class=\"elementor-widget-container\">\n\t\t\t\t\t<h2 class=\"elementor-heading-title elementor-size-default\">Warsztaty<\/h2>\t\t\t\t<\/div>\n\t\t\t\t<\/div>\n\t\t\t\t<div class=\"elementor-element elementor-element-52fd545 elementor-widget elementor-widget-text-editor\" data-id=\"52fd545\" data-element_type=\"widget\" data-widget_type=\"text-editor.default\">\n\t\t\t\t<div class=\"elementor-widget-container\">\n\t\t\t\t\t\t\t\t\t<p>Od 2010 roku prowadzi zaj\u0119cia scenariopisarskie w Polsce i za granic\u0105. Organizowane przez Bahama Films \u201eScenariopisarstwo dla pocz\u0105tkuj\u0105cych\u201d to pierwsze w Polsce komercyjne warsztaty z pisania scenariuszy filmowych.&nbsp;<\/p>\n<p>Przez ponad 13 lat w warsztatach filmowych prowadzonych przez Wiktora Pi\u0105tkowskiego uczestniczy\u0142o ponad tysi\u0105c os\u00f3b, w tym pracownicy wi\u0119kszo\u015bci stacji telewizyjnych w Polsce, firm produkcyjnych i dystrybucyjnych, a tak\u017ce uniwersytet\u00f3w i szk\u00f3\u0142 filmowych.&nbsp;<\/p>\n<p>Absolwenci warsztat\u00f3w dostali si\u0119 na wymarzone studia filmowe w Polsce i zagranic\u0105, a wiele os\u00f3b rozpocz\u0119\u0142o prac\u0119 w telewizji przy pisaniu seriali (np. od jesieni 2016 Polsat emituje codzienny serial napisany w ca\u0142o\u015bci przez absolwent\u00f3w warsztat\u00f3w Bahama Films).&nbsp;<\/p>\n<p>Uczestnicy zaj\u0119\u0107 prowadzonych przez Wiktora Pi\u0105tkowskiego byli nominowani i nagradzani w konkursach Script Pro, Script Wars i Trzy Korony, jeden z absolwent\u00f3w dosta\u0142 nagrod\u0119 za scenariusz na Festiwalu Polskich Film\u00f3w Fabularnych w Gdyni, jedna osoba mia\u0142a okazj\u0119 zaprezentowa\u0107 powsta\u0142y na warsztatach scenariusz podczas festiwalu filmowego w Cannes, a inna zosta\u0142a nominowana do Oscara!<\/p>\n<p>Wiktor prowadzi te\u017c warsztaty i master class za granic\u0105. Jako mi\u0119dzynarodowy ekspert wsp\u00f3\u0142pracuje r\u00f3wnie\u017c z rz\u0105dow\u0105 organizacj\u0105 USAID podczas program\u00f3w rozwijaj\u0105cych produkcj\u0119 filmow\u0105 i telewizyjn\u0105 na Ukrainie. Uczestniczy te\u017c w wielu festiwalach i eventach bran\u017cowych, r\u00f3wnie\u017c w roli jurora (np. mi\u0119dzynarodowy festiwal w Pil\u017anie).<\/p>\t\t\t\t\t\t\t\t<\/div>\n\t\t\t\t<\/div>\n\t\t\t\t<div class=\"elementor-element elementor-element-20d003b elementor-align-center elementor-widget elementor-widget-button\" data-id=\"20d003b\" data-element_type=\"widget\" data-widget_type=\"button.default\">\n\t\t\t\t<div class=\"elementor-widget-container\">\n\t\t\t\t\t\t\t\t\t<div class=\"elementor-button-wrapper\">\n\t\t\t\t\t<a class=\"elementor-button elementor-button-link elementor-size-md elementor-animation-shrink\" href=\"https:\/\/bahamafilms.pl\/scenariopisarstwo-w-praktyce\/\" target=\"_blank\">\n\t\t\t\t\t\t<span class=\"elementor-button-content-wrapper\">\n\t\t\t\t\t\t\t\t\t<span class=\"elementor-button-text\">Zapisz si\u0119 na warsztaty<\/span>\n\t\t\t\t\t<\/span>\n\t\t\t\t\t<\/a>\n\t\t\t\t<\/div>\n\t\t\t\t\t\t\t\t<\/div>\n\t\t\t\t<\/div>\n\t\t\t\t\t<\/div>\n\t\t<\/div>\n\t\t\t\t\t<\/div>\n\t\t<\/section>\n\t\t\t\t\t<\/div>\n\t\t<\/div>\n\t\t\t\t\t<\/div>\n\t\t<\/section>\n\t\t\t\t<\/div>\n\t\t","protected":false},"excerpt":{"rendered":"<p>Edukacja W 2014 roku Wiktor Pi\u0105tkowski obroni\u0142 w Szkole G\u0142\u00f3wnej Handlowej prac\u0119 doktorsk\u0105 z marketingu na rynku medi\u00f3w oraz przez wiele lat prowadzi\u0142 na r\u00f3\u017cnych uczelniach zaj\u0119cia z tematyki zwi\u0105zanej z mediami, g\u0142\u00f3wnie telewizj\u0105. Czytaj dalej Warsztaty Od 2010 roku prowadzi zaj\u0119cia scenariopisarskie w Polsce i za granic\u0105. Organizowane przez Bahama Films \u201eScenariopisarstwo dla pocz\u0105tkuj\u0105cych\u201d [&hellip;]<\/p>\n","protected":false},"author":1,"featured_media":0,"parent":0,"menu_order":0,"comment_status":"closed","ping_status":"closed","template":"","meta":{"footnotes":""},"yoast_head":"<!-- This site is optimized with the Yoast SEO plugin v22.6 - https:\/\/yoast.com\/wordpress\/plugins\/seo\/ -->\n<title>Wiktor Pi\u0105tkowski - Wyk\u0142adowca<\/title>\n<meta name=\"description\" content=\"Wiktor Pi\u0105tkowski to r\u00f3wnie\u017c wyk\u0142adowca. Znaj\u0105c r\u00f3\u017cne zakamarki kina i \u015bwiatowej s\u0142awy osobisto\u015bci tworzy niepowtarzaln\u0105 stref\u0119 do nauki i zdobywania nowych, cenionych w bran\u017cy umiej\u0119tno\u015bci.\" \/>\n<meta name=\"robots\" content=\"index, follow, max-snippet:-1, max-image-preview:large, max-video-preview:-1\" \/>\n<link rel=\"canonical\" href=\"https:\/\/wiktorpiatkowski.com\/en\/wykladowca\/\" \/>\n<meta property=\"og:locale\" content=\"en_GB\" \/>\n<meta property=\"og:type\" content=\"article\" \/>\n<meta property=\"og:title\" content=\"Wiktor Pi\u0105tkowski - Wyk\u0142adowca\" \/>\n<meta property=\"og:description\" content=\"Wiktor Pi\u0105tkowski to r\u00f3wnie\u017c wyk\u0142adowca. Znaj\u0105c r\u00f3\u017cne zakamarki kina i \u015bwiatowej s\u0142awy osobisto\u015bci tworzy niepowtarzaln\u0105 stref\u0119 do nauki i zdobywania nowych, cenionych w bran\u017cy umiej\u0119tno\u015bci.\" \/>\n<meta property=\"og:url\" content=\"https:\/\/wiktorpiatkowski.com\/en\/wykladowca\/\" \/>\n<meta property=\"og:site_name\" content=\"Wiktor Pi\u0105tkowski\" \/>\n<meta property=\"article:modified_time\" content=\"2023-11-14T16:53:07+00:00\" \/>\n<meta property=\"og:image\" content=\"https:\/\/wiktorpiatkowski.com\/wp-content\/uploads\/2020\/12\/WiktorPiatkowski_fot.Monika-SzalekNET-8-of-45_MIN-683x1024.jpg\" \/>\n<meta name=\"twitter:card\" content=\"summary_large_image\" \/>\n<meta name=\"twitter:label1\" content=\"Estimated reading time\" \/>\n\t<meta name=\"twitter:data1\" content=\"2 minutes\" \/>\n<script type=\"application\/ld+json\" class=\"yoast-schema-graph\">{\"@context\":\"https:\/\/schema.org\",\"@graph\":[{\"@type\":\"WebPage\",\"@id\":\"https:\/\/wiktorpiatkowski.com\/wykladowca\/\",\"url\":\"https:\/\/wiktorpiatkowski.com\/wykladowca\/\",\"name\":\"Wiktor Pi\u0105tkowski - Wyk\u0142adowca\",\"isPartOf\":{\"@id\":\"http:\/\/wiktorpiatkowski.com\/#website\"},\"primaryImageOfPage\":{\"@id\":\"https:\/\/wiktorpiatkowski.com\/wykladowca\/#primaryimage\"},\"image\":{\"@id\":\"https:\/\/wiktorpiatkowski.com\/wykladowca\/#primaryimage\"},\"thumbnailUrl\":\"https:\/\/wiktorpiatkowski.com\/wp-content\/uploads\/2020\/12\/WiktorPiatkowski_fot.Monika-SzalekNET-8-of-45_MIN-683x1024.jpg\",\"datePublished\":\"2020-12-06T13:24:06+00:00\",\"dateModified\":\"2023-11-14T16:53:07+00:00\",\"description\":\"Wiktor Pi\u0105tkowski to r\u00f3wnie\u017c wyk\u0142adowca. Znaj\u0105c r\u00f3\u017cne zakamarki kina i \u015bwiatowej s\u0142awy osobisto\u015bci tworzy niepowtarzaln\u0105 stref\u0119 do nauki i zdobywania nowych, cenionych w bran\u017cy umiej\u0119tno\u015bci.\",\"breadcrumb\":{\"@id\":\"https:\/\/wiktorpiatkowski.com\/wykladowca\/#breadcrumb\"},\"inLanguage\":\"en-GB\",\"potentialAction\":[{\"@type\":\"ReadAction\",\"target\":[\"https:\/\/wiktorpiatkowski.com\/wykladowca\/\"]}]},{\"@type\":\"ImageObject\",\"inLanguage\":\"en-GB\",\"@id\":\"https:\/\/wiktorpiatkowski.com\/wykladowca\/#primaryimage\",\"url\":\"https:\/\/wiktorpiatkowski.com\/wp-content\/uploads\/2020\/12\/WiktorPiatkowski_fot.Monika-SzalekNET-8-of-45_MIN-683x1024.jpg\",\"contentUrl\":\"https:\/\/wiktorpiatkowski.com\/wp-content\/uploads\/2020\/12\/WiktorPiatkowski_fot.Monika-SzalekNET-8-of-45_MIN-683x1024.jpg\"},{\"@type\":\"BreadcrumbList\",\"@id\":\"https:\/\/wiktorpiatkowski.com\/wykladowca\/#breadcrumb\",\"itemListElement\":[{\"@type\":\"ListItem\",\"position\":1,\"name\":\"Strona g\u0142\u00f3wna\",\"item\":\"https:\/\/wiktorpiatkowski.com\/\"},{\"@type\":\"ListItem\",\"position\":2,\"name\":\"Wyk\u0142adowca\"}]},{\"@type\":\"WebSite\",\"@id\":\"http:\/\/wiktorpiatkowski.com\/#website\",\"url\":\"http:\/\/wiktorpiatkowski.com\/\",\"name\":\"Wiktor Pi\u0105tkowski\",\"description\":\"BAHAMA Films\",\"potentialAction\":[{\"@type\":\"SearchAction\",\"target\":{\"@type\":\"EntryPoint\",\"urlTemplate\":\"http:\/\/wiktorpiatkowski.com\/?s={search_term_string}\"},\"query-input\":\"required name=search_term_string\"}],\"inLanguage\":\"en-GB\"}]}<\/script>\n<!-- \/ Yoast SEO plugin. -->","yoast_head_json":{"title":"Wiktor Pi\u0105tkowski - Wyk\u0142adowca","description":"Wiktor Pi\u0105tkowski to r\u00f3wnie\u017c wyk\u0142adowca. Znaj\u0105c r\u00f3\u017cne zakamarki kina i \u015bwiatowej s\u0142awy osobisto\u015bci tworzy niepowtarzaln\u0105 stref\u0119 do nauki i zdobywania nowych, cenionych w bran\u017cy umiej\u0119tno\u015bci.","robots":{"index":"index","follow":"follow","max-snippet":"max-snippet:-1","max-image-preview":"max-image-preview:large","max-video-preview":"max-video-preview:-1"},"canonical":"https:\/\/wiktorpiatkowski.com\/en\/wykladowca\/","og_locale":"en_GB","og_type":"article","og_title":"Wiktor Pi\u0105tkowski - Wyk\u0142adowca","og_description":"Wiktor Pi\u0105tkowski to r\u00f3wnie\u017c wyk\u0142adowca. Znaj\u0105c r\u00f3\u017cne zakamarki kina i \u015bwiatowej s\u0142awy osobisto\u015bci tworzy niepowtarzaln\u0105 stref\u0119 do nauki i zdobywania nowych, cenionych w bran\u017cy umiej\u0119tno\u015bci.","og_url":"https:\/\/wiktorpiatkowski.com\/en\/wykladowca\/","og_site_name":"Wiktor Pi\u0105tkowski","article_modified_time":"2023-11-14T16:53:07+00:00","og_image":[{"url":"https:\/\/wiktorpiatkowski.com\/wp-content\/uploads\/2020\/12\/WiktorPiatkowski_fot.Monika-SzalekNET-8-of-45_MIN-683x1024.jpg"}],"twitter_card":"summary_large_image","twitter_misc":{"Estimated reading time":"2 minutes"},"schema":{"@context":"https:\/\/schema.org","@graph":[{"@type":"WebPage","@id":"https:\/\/wiktorpiatkowski.com\/wykladowca\/","url":"https:\/\/wiktorpiatkowski.com\/wykladowca\/","name":"Wiktor Pi\u0105tkowski - Wyk\u0142adowca","isPartOf":{"@id":"http:\/\/wiktorpiatkowski.com\/#website"},"primaryImageOfPage":{"@id":"https:\/\/wiktorpiatkowski.com\/wykladowca\/#primaryimage"},"image":{"@id":"https:\/\/wiktorpiatkowski.com\/wykladowca\/#primaryimage"},"thumbnailUrl":"https:\/\/wiktorpiatkowski.com\/wp-content\/uploads\/2020\/12\/WiktorPiatkowski_fot.Monika-SzalekNET-8-of-45_MIN-683x1024.jpg","datePublished":"2020-12-06T13:24:06+00:00","dateModified":"2023-11-14T16:53:07+00:00","description":"Wiktor Pi\u0105tkowski to r\u00f3wnie\u017c wyk\u0142adowca. Znaj\u0105c r\u00f3\u017cne zakamarki kina i \u015bwiatowej s\u0142awy osobisto\u015bci tworzy niepowtarzaln\u0105 stref\u0119 do nauki i zdobywania nowych, cenionych w bran\u017cy umiej\u0119tno\u015bci.","breadcrumb":{"@id":"https:\/\/wiktorpiatkowski.com\/wykladowca\/#breadcrumb"},"inLanguage":"en-GB","potentialAction":[{"@type":"ReadAction","target":["https:\/\/wiktorpiatkowski.com\/wykladowca\/"]}]},{"@type":"ImageObject","inLanguage":"en-GB","@id":"https:\/\/wiktorpiatkowski.com\/wykladowca\/#primaryimage","url":"https:\/\/wiktorpiatkowski.com\/wp-content\/uploads\/2020\/12\/WiktorPiatkowski_fot.Monika-SzalekNET-8-of-45_MIN-683x1024.jpg","contentUrl":"https:\/\/wiktorpiatkowski.com\/wp-content\/uploads\/2020\/12\/WiktorPiatkowski_fot.Monika-SzalekNET-8-of-45_MIN-683x1024.jpg"},{"@type":"BreadcrumbList","@id":"https:\/\/wiktorpiatkowski.com\/wykladowca\/#breadcrumb","itemListElement":[{"@type":"ListItem","position":1,"name":"Strona g\u0142\u00f3wna","item":"https:\/\/wiktorpiatkowski.com\/"},{"@type":"ListItem","position":2,"name":"Wyk\u0142adowca"}]},{"@type":"WebSite","@id":"http:\/\/wiktorpiatkowski.com\/#website","url":"http:\/\/wiktorpiatkowski.com\/","name":"Wiktor Pi\u0105tkowski","description":"BAHAMA Films","potentialAction":[{"@type":"SearchAction","target":{"@type":"EntryPoint","urlTemplate":"http:\/\/wiktorpiatkowski.com\/?s={search_term_string}"},"query-input":"required name=search_term_string"}],"inLanguage":"en-GB"}]}},"_links":{"self":[{"href":"https:\/\/wiktorpiatkowski.com\/en\/wp-json\/wp\/v2\/pages\/206"}],"collection":[{"href":"https:\/\/wiktorpiatkowski.com\/en\/wp-json\/wp\/v2\/pages"}],"about":[{"href":"https:\/\/wiktorpiatkowski.com\/en\/wp-json\/wp\/v2\/types\/page"}],"author":[{"embeddable":true,"href":"https:\/\/wiktorpiatkowski.com\/en\/wp-json\/wp\/v2\/users\/1"}],"replies":[{"embeddable":true,"href":"https:\/\/wiktorpiatkowski.com\/en\/wp-json\/wp\/v2\/comments?post=206"}],"version-history":[{"count":25,"href":"https:\/\/wiktorpiatkowski.com\/en\/wp-json\/wp\/v2\/pages\/206\/revisions"}],"predecessor-version":[{"id":577,"href":"https:\/\/wiktorpiatkowski.com\/en\/wp-json\/wp\/v2\/pages\/206\/revisions\/577"}],"wp:attachment":[{"href":"https:\/\/wiktorpiatkowski.com\/en\/wp-json\/wp\/v2\/media?parent=206"}],"curies":[{"name":"wp","href":"https:\/\/api.w.org\/{rel}","templated":true}]}}