{"id":198,"date":"2020-12-06T13:16:39","date_gmt":"2020-12-06T13:16:39","guid":{"rendered":"http:\/\/wiktorpiatkowski.com\/?page_id=198"},"modified":"2022-06-14T19:31:15","modified_gmt":"2022-06-14T19:31:15","slug":"producent","status":"publish","type":"page","link":"https:\/\/wiktorpiatkowski.com\/en\/producent\/","title":{"rendered":"Producer"},"content":{"rendered":"\t\t<div data-elementor-type=\"wp-page\" data-elementor-id=\"198\" class=\"elementor elementor-198\">\n\t\t\t\t\t\t<section class=\"elementor-section elementor-top-section elementor-element elementor-element-de5c28e elementor-section-height-min-height elementor-section-boxed elementor-section-height-default elementor-section-items-middle\" data-id=\"de5c28e\" data-element_type=\"section\" data-settings=\"{&quot;background_background&quot;:&quot;classic&quot;}\">\n\t\t\t\t\t\t\t<div class=\"elementor-background-overlay\"><\/div>\n\t\t\t\t\t\t\t<div class=\"elementor-container elementor-column-gap-no\">\n\t\t\t\t\t<div class=\"elementor-column elementor-col-100 elementor-top-column elementor-element elementor-element-42ca7a9\" data-id=\"42ca7a9\" data-element_type=\"column\">\n\t\t\t<div class=\"elementor-widget-wrap elementor-element-populated\">\n\t\t\t\t\t\t<div class=\"elementor-element elementor-element-5335dae elementor-widget elementor-widget-heading\" data-id=\"5335dae\" data-element_type=\"widget\" data-widget_type=\"heading.default\">\n\t\t\t\t<div class=\"elementor-widget-container\">\n\t\t\t\t\t<h2 class=\"elementor-heading-title elementor-size-default\">Producent<\/h2>\t\t\t\t<\/div>\n\t\t\t\t<\/div>\n\t\t\t\t<div class=\"elementor-element elementor-element-6e0da6f elementor-align-center elementor-widget elementor-widget-breadcrumbs\" data-id=\"6e0da6f\" data-element_type=\"widget\" data-widget_type=\"breadcrumbs.default\">\n\t\t\t\t<div class=\"elementor-widget-container\">\n\t\t\t\t\t<p id=\"breadcrumbs\"><span><span><a href=\"https:\/\/wiktorpiatkowski.com\/\">Strona g\u0142\u00f3wna<\/a><\/span><\/span><\/p>\t\t\t\t<\/div>\n\t\t\t\t<\/div>\n\t\t\t\t\t<\/div>\n\t\t<\/div>\n\t\t\t\t\t<\/div>\n\t\t<\/section>\n\t\t\t\t<section class=\"elementor-section elementor-top-section elementor-element elementor-element-00dcaed elementor-section-boxed elementor-section-height-default elementor-section-height-default\" data-id=\"00dcaed\" data-element_type=\"section\" data-settings=\"{&quot;background_background&quot;:&quot;classic&quot;}\">\n\t\t\t\t\t\t<div class=\"elementor-container elementor-column-gap-default\">\n\t\t\t\t\t<div class=\"elementor-column elementor-col-100 elementor-top-column elementor-element elementor-element-093146f\" data-id=\"093146f\" data-element_type=\"column\">\n\t\t\t<div class=\"elementor-widget-wrap elementor-element-populated\">\n\t\t\t\t\t\t<section class=\"elementor-section elementor-inner-section elementor-element elementor-element-e73a59d elementor-section-boxed elementor-section-height-default elementor-section-height-default\" data-id=\"e73a59d\" data-element_type=\"section\" data-settings=\"{&quot;background_background&quot;:&quot;classic&quot;}\">\n\t\t\t\t\t\t<div class=\"elementor-container elementor-column-gap-default\">\n\t\t\t\t\t<div class=\"elementor-column elementor-col-50 elementor-inner-column elementor-element elementor-element-3c743ba\" data-id=\"3c743ba\" data-element_type=\"column\">\n\t\t\t<div class=\"elementor-widget-wrap elementor-element-populated\">\n\t\t\t\t\t\t<div class=\"elementor-element elementor-element-f9c11a4 elementor-widget elementor-widget-image\" data-id=\"f9c11a4\" data-element_type=\"widget\" data-widget_type=\"image.default\">\n\t\t\t\t<div class=\"elementor-widget-container\">\n\t\t\t\t\t\t\t\t\t\t\t\t\t\t\t<img fetchpriority=\"high\" decoding=\"async\" width=\"683\" height=\"1024\" src=\"https:\/\/wiktorpiatkowski.com\/wp-content\/uploads\/2020\/12\/WiktorPiatkowski_fot.Monika-SzalekNET-34-of-45_MIN-683x1024.jpg\" class=\"attachment-large size-large wp-image-144\" alt=\"\" srcset=\"https:\/\/wiktorpiatkowski.com\/wp-content\/uploads\/2020\/12\/WiktorPiatkowski_fot.Monika-SzalekNET-34-of-45_MIN-683x1024.jpg 683w, https:\/\/wiktorpiatkowski.com\/wp-content\/uploads\/2020\/12\/WiktorPiatkowski_fot.Monika-SzalekNET-34-of-45_MIN-200x300.jpg 200w, https:\/\/wiktorpiatkowski.com\/wp-content\/uploads\/2020\/12\/WiktorPiatkowski_fot.Monika-SzalekNET-34-of-45_MIN-768x1152.jpg 768w, https:\/\/wiktorpiatkowski.com\/wp-content\/uploads\/2020\/12\/WiktorPiatkowski_fot.Monika-SzalekNET-34-of-45_MIN.jpg 1000w\" sizes=\"(max-width: 683px) 100vw, 683px\" \/>\t\t\t\t\t\t\t\t\t\t\t\t\t\t\t<\/div>\n\t\t\t\t<\/div>\n\t\t\t\t\t<\/div>\n\t\t<\/div>\n\t\t\t\t<div class=\"elementor-column elementor-col-50 elementor-inner-column elementor-element elementor-element-54fc672\" data-id=\"54fc672\" data-element_type=\"column\">\n\t\t\t<div class=\"elementor-widget-wrap elementor-element-populated\">\n\t\t\t\t\t\t<div class=\"elementor-element elementor-element-742dedb elementor-widget elementor-widget-heading\" data-id=\"742dedb\" data-element_type=\"widget\" data-widget_type=\"heading.default\">\n\t\t\t\t<div class=\"elementor-widget-container\">\n\t\t\t\t\t<h2 class=\"elementor-heading-title elementor-size-default\">Produkcja filmowa<\/h2>\t\t\t\t<\/div>\n\t\t\t\t<\/div>\n\t\t\t\t<div class=\"elementor-element elementor-element-1b22fc7 elementor-widget elementor-widget-text-editor\" data-id=\"1b22fc7\" data-element_type=\"widget\" data-widget_type=\"text-editor.default\">\n\t\t\t\t<div class=\"elementor-widget-container\">\n\t\t\t\t\t\t\t\t\t<p>Wiktor Pi\u0105tkowski za\u0142o\u017cy\u0142 w 2009 roku Bahama Films, niezale\u017cn\u0105 firm\u0119 produkcyjn\u0105 z siedzib\u0105 w Warszawie. Od tego czasu produkowa\u0142 m.in. filmy fabularne (\u201e\u015awi\u0119ta inaczej\u201d), dokumentalne (\u201eNie dotykaj\u0105c g\u00f3r\u201d), kr\u00f3tkometra\u017cowe (\u201eReset\u201d) oraz przygotowywa\u0142 produkcje telewizyjne w Polsce i za granic\u0105.<\/p><p>W 2018 roku Wiktor Pi\u0105tkowski razem z Mathieu Van de Velde z Francji i Sandr\u0105 Bucht\u0105 z Niemiec wsp\u00f3\u0142organizowa\u0142 7. edycj\u0119 finansowanego przez fundusz filmowy z Po\u0142udniowego Tyrolu programu Racconti, skierowanego do scenarzyst\u00f3w i producent\u00f3w z W\u0142och, Niemiec i Austrii.<\/p>\t\t\t\t\t\t\t\t<\/div>\n\t\t\t\t<\/div>\n\t\t\t\t<div class=\"elementor-element elementor-element-7fee882 elementor-align-center elementor-widget elementor-widget-button\" data-id=\"7fee882\" data-element_type=\"widget\" data-widget_type=\"button.default\">\n\t\t\t\t<div class=\"elementor-widget-container\">\n\t\t\t\t\t\t\t\t\t<div class=\"elementor-button-wrapper\">\n\t\t\t\t\t<a class=\"elementor-button elementor-button-link elementor-size-md elementor-animation-shrink\" href=\"#next\">\n\t\t\t\t\t\t<span class=\"elementor-button-content-wrapper\">\n\t\t\t\t\t\t\t\t\t<span class=\"elementor-button-text\">Czytaj dalej<\/span>\n\t\t\t\t\t<\/span>\n\t\t\t\t\t<\/a>\n\t\t\t\t<\/div>\n\t\t\t\t\t\t\t\t<\/div>\n\t\t\t\t<\/div>\n\t\t\t\t\t<\/div>\n\t\t<\/div>\n\t\t\t\t\t<\/div>\n\t\t<\/section>\n\t\t\t\t\t<\/div>\n\t\t<\/div>\n\t\t\t\t\t<\/div>\n\t\t<\/section>\n\t\t\t\t<section class=\"elementor-section elementor-top-section elementor-element elementor-element-a4b3d0e elementor-section-height-min-height elementor-section-boxed elementor-section-height-default elementor-section-items-middle\" data-id=\"a4b3d0e\" data-element_type=\"section\" data-settings=\"{&quot;background_background&quot;:&quot;classic&quot;,&quot;background_motion_fx_motion_fx_scrolling&quot;:&quot;yes&quot;,&quot;background_motion_fx_translateY_effect&quot;:&quot;yes&quot;,&quot;background_motion_fx_translateY_speed&quot;:{&quot;unit&quot;:&quot;px&quot;,&quot;size&quot;:4,&quot;sizes&quot;:[]},&quot;background_motion_fx_translateY_affectedRange&quot;:{&quot;unit&quot;:&quot;%&quot;,&quot;size&quot;:&quot;&quot;,&quot;sizes&quot;:{&quot;start&quot;:0,&quot;end&quot;:100}},&quot;background_motion_fx_devices&quot;:[&quot;desktop&quot;,&quot;tablet&quot;,&quot;mobile&quot;]}\">\n\t\t\t\t\t\t<div class=\"elementor-container elementor-column-gap-no\">\n\t\t\t\t\t<div class=\"elementor-column elementor-col-100 elementor-top-column elementor-element elementor-element-9978c6b\" data-id=\"9978c6b\" data-element_type=\"column\">\n\t\t\t<div class=\"elementor-widget-wrap\">\n\t\t\t\t\t\t\t<\/div>\n\t\t<\/div>\n\t\t\t\t\t<\/div>\n\t\t<\/section>\n\t\t\t\t<section class=\"elementor-section elementor-top-section elementor-element elementor-element-e23ab8f elementor-section-boxed elementor-section-height-default elementor-section-height-default\" data-id=\"e23ab8f\" data-element_type=\"section\" id=\"next\" data-settings=\"{&quot;background_background&quot;:&quot;classic&quot;}\">\n\t\t\t\t\t\t<div class=\"elementor-container elementor-column-gap-default\">\n\t\t\t\t\t<div class=\"elementor-column elementor-col-100 elementor-top-column elementor-element elementor-element-c8ae548\" data-id=\"c8ae548\" data-element_type=\"column\">\n\t\t\t<div class=\"elementor-widget-wrap elementor-element-populated\">\n\t\t\t\t\t\t<section class=\"elementor-section elementor-inner-section elementor-element elementor-element-aaf5310 elementor-section-boxed elementor-section-height-default elementor-section-height-default\" data-id=\"aaf5310\" data-element_type=\"section\" data-settings=\"{&quot;background_background&quot;:&quot;classic&quot;}\">\n\t\t\t\t\t\t<div class=\"elementor-container elementor-column-gap-default\">\n\t\t\t\t\t<div class=\"elementor-column elementor-col-100 elementor-inner-column elementor-element elementor-element-2219f48\" data-id=\"2219f48\" data-element_type=\"column\">\n\t\t\t<div class=\"elementor-widget-wrap elementor-element-populated\">\n\t\t\t\t\t\t<div class=\"elementor-element elementor-element-ee8ba8c elementor-widget elementor-widget-heading\" data-id=\"ee8ba8c\" data-element_type=\"widget\" data-widget_type=\"heading.default\">\n\t\t\t\t<div class=\"elementor-widget-container\">\n\t\t\t\t\t<h2 class=\"elementor-heading-title elementor-size-default\">Portfolio<\/h2>\t\t\t\t<\/div>\n\t\t\t\t<\/div>\n\t\t\t\t<div class=\"elementor-element elementor-element-1e3d09a elementor-widget elementor-widget-text-editor\" data-id=\"1e3d09a\" data-element_type=\"widget\" data-widget_type=\"text-editor.default\">\n\t\t\t\t<div class=\"elementor-widget-container\">\n\t\t\t\t\t\t\t\t\t<p>We W\u0142oszech razem z Endemol Shine Italy oraz Black Sheep Films rozwija serial \u201eLullaby\u201d, kt\u00f3ry po raz pierwszy zosta\u0142 zaprezentowany podczas festiwalu MIA w Rzymie w 2019 roku.<\/p><p>W Niemczech Wiktor koprodukuje seriale \u201eSocial Murder\u201d i \u201eDelivery Monkeys\u201d. Wraz z partnerami rosyjskimi rozwija serial we W\u0142adywostoku (\u201ePenelopes\u201d) oraz film w Petersburgu (\u201eThe White Nights\u2019 Heist\u201d). Rozwija te\u017c nowe projekty z producentami z Francji i Skandynawii.<\/p><p>Seriale i filmy rozwijane przez Wiktora Pi\u0105tkowskiego by\u0142y prezentowane m.in. na festiwalach i eventach bran\u017cowych w Berlinie, Rzymie, Monachium, Tallinie, Odessie i Londynie. Cz\u0119\u015b\u0107 z nich jest aktualnie w fazie developmentu i preprodukcji.<\/p><p>W 2020 Wiktor Pi\u0105tkowski zosta\u0142 uznany przez organizator\u00f3w festiwalu Cannes Series za jednego z 300 \u201eProducers to Watch\u201d.<\/p>\t\t\t\t\t\t\t\t<\/div>\n\t\t\t\t<\/div>\n\t\t\t\t<div class=\"elementor-element elementor-element-b26c054 elementor-align-center elementor-widget elementor-widget-button\" data-id=\"b26c054\" data-element_type=\"widget\" data-widget_type=\"button.default\">\n\t\t\t\t<div class=\"elementor-widget-container\">\n\t\t\t\t\t\t\t\t\t<div class=\"elementor-button-wrapper\">\n\t\t\t\t\t<a class=\"elementor-button elementor-button-link elementor-size-md elementor-animation-shrink\" href=\"#kontakt\">\n\t\t\t\t\t\t<span class=\"elementor-button-content-wrapper\">\n\t\t\t\t\t\t\t\t\t<span class=\"elementor-button-text\">Skontaktuj si\u0119<\/span>\n\t\t\t\t\t<\/span>\n\t\t\t\t\t<\/a>\n\t\t\t\t<\/div>\n\t\t\t\t\t\t\t\t<\/div>\n\t\t\t\t<\/div>\n\t\t\t\t\t<\/div>\n\t\t<\/div>\n\t\t\t\t\t<\/div>\n\t\t<\/section>\n\t\t\t\t\t<\/div>\n\t\t<\/div>\n\t\t\t\t\t<\/div>\n\t\t<\/section>\n\t\t\t\t<\/div>\n\t\t","protected":false},"excerpt":{"rendered":"<p>Produkcja filmowa Wiktor Pi\u0105tkowski za\u0142o\u017cy\u0142 w 2009 roku Bahama Films, niezale\u017cn\u0105 firm\u0119 produkcyjn\u0105 z siedzib\u0105 w Warszawie. Od tego czasu produkowa\u0142 m.in. filmy fabularne (\u201e\u015awi\u0119ta inaczej\u201d), dokumentalne (\u201eNie dotykaj\u0105c g\u00f3r\u201d), kr\u00f3tkometra\u017cowe (\u201eReset\u201d) oraz przygotowywa\u0142 produkcje telewizyjne w Polsce i za granic\u0105. W 2018 roku Wiktor Pi\u0105tkowski razem z Mathieu Van de Velde z Francji i [&hellip;]<\/p>\n","protected":false},"author":1,"featured_media":0,"parent":0,"menu_order":0,"comment_status":"closed","ping_status":"closed","template":"","meta":{"footnotes":""},"yoast_head":"<!-- This site is optimized with the Yoast SEO plugin v22.6 - https:\/\/yoast.com\/wordpress\/plugins\/seo\/ -->\n<title>Wiktor Pi\u0105tkowski - Producent filmowy<\/title>\n<meta name=\"description\" content=\"Wiktor Pi\u0105tkowski to rozwijaj\u0105cy si\u0119 producent filmowy, kt\u00f3ry zebra\u0142 ju\u017c dorobek z produkcji w kraju i za granic\u0105. Do niekt\u00f3rych nale\u017c\u0105 seriale z Niemiec czy produkcje z Rosji.\" \/>\n<meta name=\"robots\" content=\"index, follow, max-snippet:-1, max-image-preview:large, max-video-preview:-1\" \/>\n<link rel=\"canonical\" href=\"http:\/\/wiktorpiatkowski.com\/en\/producent\/\" \/>\n<meta property=\"og:locale\" content=\"en_GB\" \/>\n<meta property=\"og:type\" content=\"article\" \/>\n<meta property=\"og:title\" content=\"Wiktor Pi\u0105tkowski - Producent filmowy\" \/>\n<meta property=\"og:description\" content=\"Wiktor Pi\u0105tkowski to rozwijaj\u0105cy si\u0119 producent filmowy, kt\u00f3ry zebra\u0142 ju\u017c dorobek z produkcji w kraju i za granic\u0105. Do niekt\u00f3rych nale\u017c\u0105 seriale z Niemiec czy produkcje z Rosji.\" \/>\n<meta property=\"og:url\" content=\"http:\/\/wiktorpiatkowski.com\/en\/producent\/\" \/>\n<meta property=\"og:site_name\" content=\"Wiktor Pi\u0105tkowski\" \/>\n<meta property=\"article:modified_time\" content=\"2022-06-14T19:31:15+00:00\" \/>\n<meta property=\"og:image\" content=\"http:\/\/wiktorpiatkowski.com\/wp-content\/uploads\/2020\/12\/WiktorPiatkowski_fot.Monika-SzalekNET-34-of-45_MIN-683x1024.jpg\" \/>\n<meta name=\"twitter:card\" content=\"summary_large_image\" \/>\n<meta name=\"twitter:label1\" content=\"Estimated reading time\" \/>\n\t<meta name=\"twitter:data1\" content=\"2 minutes\" \/>\n<script type=\"application\/ld+json\" class=\"yoast-schema-graph\">{\"@context\":\"https:\/\/schema.org\",\"@graph\":[{\"@type\":\"WebPage\",\"@id\":\"http:\/\/wiktorpiatkowski.com\/en\/producent\/\",\"url\":\"http:\/\/wiktorpiatkowski.com\/en\/producent\/\",\"name\":\"Wiktor Pi\u0105tkowski - Producent filmowy\",\"isPartOf\":{\"@id\":\"http:\/\/wiktorpiatkowski.com\/#website\"},\"primaryImageOfPage\":{\"@id\":\"http:\/\/wiktorpiatkowski.com\/en\/producent\/#primaryimage\"},\"image\":{\"@id\":\"http:\/\/wiktorpiatkowski.com\/en\/producent\/#primaryimage\"},\"thumbnailUrl\":\"https:\/\/wiktorpiatkowski.com\/wp-content\/uploads\/2020\/12\/WiktorPiatkowski_fot.Monika-SzalekNET-34-of-45_MIN-683x1024.jpg\",\"datePublished\":\"2020-12-06T13:16:39+00:00\",\"dateModified\":\"2022-06-14T19:31:15+00:00\",\"description\":\"Wiktor Pi\u0105tkowski to rozwijaj\u0105cy si\u0119 producent filmowy, kt\u00f3ry zebra\u0142 ju\u017c dorobek z produkcji w kraju i za granic\u0105. Do niekt\u00f3rych nale\u017c\u0105 seriale z Niemiec czy produkcje z Rosji.\",\"breadcrumb\":{\"@id\":\"http:\/\/wiktorpiatkowski.com\/en\/producent\/#breadcrumb\"},\"inLanguage\":\"en-GB\",\"potentialAction\":[{\"@type\":\"ReadAction\",\"target\":[\"http:\/\/wiktorpiatkowski.com\/en\/producent\/\"]}]},{\"@type\":\"ImageObject\",\"inLanguage\":\"en-GB\",\"@id\":\"http:\/\/wiktorpiatkowski.com\/en\/producent\/#primaryimage\",\"url\":\"https:\/\/wiktorpiatkowski.com\/wp-content\/uploads\/2020\/12\/WiktorPiatkowski_fot.Monika-SzalekNET-34-of-45_MIN-683x1024.jpg\",\"contentUrl\":\"https:\/\/wiktorpiatkowski.com\/wp-content\/uploads\/2020\/12\/WiktorPiatkowski_fot.Monika-SzalekNET-34-of-45_MIN-683x1024.jpg\"},{\"@type\":\"BreadcrumbList\",\"@id\":\"http:\/\/wiktorpiatkowski.com\/en\/producent\/#breadcrumb\",\"itemListElement\":[{\"@type\":\"ListItem\",\"position\":1,\"name\":\"Strona g\u0142\u00f3wna\",\"item\":\"https:\/\/wiktorpiatkowski.com\/\"},{\"@type\":\"ListItem\",\"position\":2,\"name\":\"Producent\"}]},{\"@type\":\"WebSite\",\"@id\":\"http:\/\/wiktorpiatkowski.com\/#website\",\"url\":\"http:\/\/wiktorpiatkowski.com\/\",\"name\":\"Wiktor Pi\u0105tkowski\",\"description\":\"BAHAMA Films\",\"potentialAction\":[{\"@type\":\"SearchAction\",\"target\":{\"@type\":\"EntryPoint\",\"urlTemplate\":\"http:\/\/wiktorpiatkowski.com\/?s={search_term_string}\"},\"query-input\":\"required name=search_term_string\"}],\"inLanguage\":\"en-GB\"}]}<\/script>\n<!-- \/ Yoast SEO plugin. -->","yoast_head_json":{"title":"Wiktor Pi\u0105tkowski - Producent filmowy","description":"Wiktor Pi\u0105tkowski to rozwijaj\u0105cy si\u0119 producent filmowy, kt\u00f3ry zebra\u0142 ju\u017c dorobek z produkcji w kraju i za granic\u0105. Do niekt\u00f3rych nale\u017c\u0105 seriale z Niemiec czy produkcje z Rosji.","robots":{"index":"index","follow":"follow","max-snippet":"max-snippet:-1","max-image-preview":"max-image-preview:large","max-video-preview":"max-video-preview:-1"},"canonical":"http:\/\/wiktorpiatkowski.com\/en\/producent\/","og_locale":"en_GB","og_type":"article","og_title":"Wiktor Pi\u0105tkowski - Producent filmowy","og_description":"Wiktor Pi\u0105tkowski to rozwijaj\u0105cy si\u0119 producent filmowy, kt\u00f3ry zebra\u0142 ju\u017c dorobek z produkcji w kraju i za granic\u0105. Do niekt\u00f3rych nale\u017c\u0105 seriale z Niemiec czy produkcje z Rosji.","og_url":"http:\/\/wiktorpiatkowski.com\/en\/producent\/","og_site_name":"Wiktor Pi\u0105tkowski","article_modified_time":"2022-06-14T19:31:15+00:00","og_image":[{"url":"http:\/\/wiktorpiatkowski.com\/wp-content\/uploads\/2020\/12\/WiktorPiatkowski_fot.Monika-SzalekNET-34-of-45_MIN-683x1024.jpg"}],"twitter_card":"summary_large_image","twitter_misc":{"Estimated reading time":"2 minutes"},"schema":{"@context":"https:\/\/schema.org","@graph":[{"@type":"WebPage","@id":"http:\/\/wiktorpiatkowski.com\/en\/producent\/","url":"http:\/\/wiktorpiatkowski.com\/en\/producent\/","name":"Wiktor Pi\u0105tkowski - Producent filmowy","isPartOf":{"@id":"http:\/\/wiktorpiatkowski.com\/#website"},"primaryImageOfPage":{"@id":"http:\/\/wiktorpiatkowski.com\/en\/producent\/#primaryimage"},"image":{"@id":"http:\/\/wiktorpiatkowski.com\/en\/producent\/#primaryimage"},"thumbnailUrl":"https:\/\/wiktorpiatkowski.com\/wp-content\/uploads\/2020\/12\/WiktorPiatkowski_fot.Monika-SzalekNET-34-of-45_MIN-683x1024.jpg","datePublished":"2020-12-06T13:16:39+00:00","dateModified":"2022-06-14T19:31:15+00:00","description":"Wiktor Pi\u0105tkowski to rozwijaj\u0105cy si\u0119 producent filmowy, kt\u00f3ry zebra\u0142 ju\u017c dorobek z produkcji w kraju i za granic\u0105. Do niekt\u00f3rych nale\u017c\u0105 seriale z Niemiec czy produkcje z Rosji.","breadcrumb":{"@id":"http:\/\/wiktorpiatkowski.com\/en\/producent\/#breadcrumb"},"inLanguage":"en-GB","potentialAction":[{"@type":"ReadAction","target":["http:\/\/wiktorpiatkowski.com\/en\/producent\/"]}]},{"@type":"ImageObject","inLanguage":"en-GB","@id":"http:\/\/wiktorpiatkowski.com\/en\/producent\/#primaryimage","url":"https:\/\/wiktorpiatkowski.com\/wp-content\/uploads\/2020\/12\/WiktorPiatkowski_fot.Monika-SzalekNET-34-of-45_MIN-683x1024.jpg","contentUrl":"https:\/\/wiktorpiatkowski.com\/wp-content\/uploads\/2020\/12\/WiktorPiatkowski_fot.Monika-SzalekNET-34-of-45_MIN-683x1024.jpg"},{"@type":"BreadcrumbList","@id":"http:\/\/wiktorpiatkowski.com\/en\/producent\/#breadcrumb","itemListElement":[{"@type":"ListItem","position":1,"name":"Strona g\u0142\u00f3wna","item":"https:\/\/wiktorpiatkowski.com\/"},{"@type":"ListItem","position":2,"name":"Producent"}]},{"@type":"WebSite","@id":"http:\/\/wiktorpiatkowski.com\/#website","url":"http:\/\/wiktorpiatkowski.com\/","name":"Wiktor Pi\u0105tkowski","description":"BAHAMA Films","potentialAction":[{"@type":"SearchAction","target":{"@type":"EntryPoint","urlTemplate":"http:\/\/wiktorpiatkowski.com\/?s={search_term_string}"},"query-input":"required name=search_term_string"}],"inLanguage":"en-GB"}]}},"_links":{"self":[{"href":"https:\/\/wiktorpiatkowski.com\/en\/wp-json\/wp\/v2\/pages\/198"}],"collection":[{"href":"https:\/\/wiktorpiatkowski.com\/en\/wp-json\/wp\/v2\/pages"}],"about":[{"href":"https:\/\/wiktorpiatkowski.com\/en\/wp-json\/wp\/v2\/types\/page"}],"author":[{"embeddable":true,"href":"https:\/\/wiktorpiatkowski.com\/en\/wp-json\/wp\/v2\/users\/1"}],"replies":[{"embeddable":true,"href":"https:\/\/wiktorpiatkowski.com\/en\/wp-json\/wp\/v2\/comments?post=198"}],"version-history":[{"count":19,"href":"https:\/\/wiktorpiatkowski.com\/en\/wp-json\/wp\/v2\/pages\/198\/revisions"}],"predecessor-version":[{"id":506,"href":"https:\/\/wiktorpiatkowski.com\/en\/wp-json\/wp\/v2\/pages\/198\/revisions\/506"}],"wp:attachment":[{"href":"https:\/\/wiktorpiatkowski.com\/en\/wp-json\/wp\/v2\/media?parent=198"}],"curies":[{"name":"wp","href":"https:\/\/api.w.org\/{rel}","templated":true}]}}